{"id":5582,"date":"2022-03-25T11:37:54","date_gmt":"2022-03-25T10:37:54","guid":{"rendered":"https:\/\/www.tradisa.com\/thank-you-page-generica\/"},"modified":"2022-04-12T11:12:49","modified_gmt":"2022-04-12T10:12:49","slug":"thank-you-page-generica","status":"publish","type":"page","link":"https:\/\/www.tradisa.com\/es\/thank-you-page-generica\/","title":{"rendered":"Thank you page &#8211; Gen\u00e9rica"},"content":{"rendered":"\t\t<div data-elementor-type=\"wp-page\" data-elementor-id=\"5582\" class=\"elementor elementor-5582 elementor-5576\" data-elementor-post-type=\"page\">\n\t\t\t\t\t\t\t\t\t<section class=\"elementor-section elementor-top-section elementor-element elementor-element-5ade4042 elementor-section-boxed elementor-section-height-default elementor-section-height-default\" data-id=\"5ade4042\" data-element_type=\"section\">\n\t\t\t\t\t\t<div class=\"elementor-container elementor-column-gap-default\">\n\t\t\t\t\t<div class=\"elementor-column elementor-col-100 elementor-top-column elementor-element elementor-element-9310f54\" data-id=\"9310f54\" data-element_type=\"column\">\n\t\t\t<div class=\"elementor-widget-wrap elementor-element-populated\">\n\t\t\t\t\t\t\t\t<div class=\"elementor-element elementor-element-77c15005 elementor-widget elementor-widget-spacer\" data-id=\"77c15005\" data-element_type=\"widget\" data-widget_type=\"spacer.default\">\n\t\t\t\t<div class=\"elementor-widget-container\">\n\t\t\t<style>\/*! elementor - v3.18.0 - 20-12-2023 *\/\n.elementor-column .elementor-spacer-inner{height:var(--spacer-size)}.e-con{--container-widget-width:100%}.e-con-inner>.elementor-widget-spacer,.e-con>.elementor-widget-spacer{width:var(--container-widget-width,var(--spacer-size));--align-self:var(--container-widget-align-self,initial);--flex-shrink:0}.e-con-inner>.elementor-widget-spacer>.elementor-widget-container,.e-con>.elementor-widget-spacer>.elementor-widget-container{height:100%;width:100%}.e-con-inner>.elementor-widget-spacer>.elementor-widget-container>.elementor-spacer,.e-con>.elementor-widget-spacer>.elementor-widget-container>.elementor-spacer{height:100%}.e-con-inner>.elementor-widget-spacer>.elementor-widget-container>.elementor-spacer>.elementor-spacer-inner,.e-con>.elementor-widget-spacer>.elementor-widget-container>.elementor-spacer>.elementor-spacer-inner{height:var(--container-widget-height,var(--spacer-size))}.e-con-inner>.elementor-widget-spacer.elementor-widget-empty,.e-con>.elementor-widget-spacer.elementor-widget-empty{position:relative;min-height:22px;min-width:22px}.e-con-inner>.elementor-widget-spacer.elementor-widget-empty .elementor-widget-empty-icon,.e-con>.elementor-widget-spacer.elementor-widget-empty .elementor-widget-empty-icon{position:absolute;top:0;bottom:0;left:0;right:0;margin:auto;padding:0;width:22px;height:22px}<\/style>\t\t<div class=\"elementor-spacer\">\n\t\t\t<div class=\"elementor-spacer-inner\"><\/div>\n\t\t<\/div>\n\t\t\t\t<\/div>\n\t\t\t\t<\/div>\n\t\t\t\t<div class=\"elementor-element elementor-element-41a679c3 elementor-widget elementor-widget-heading\" data-id=\"41a679c3\" data-element_type=\"widget\" data-widget_type=\"heading.default\">\n\t\t\t\t<div class=\"elementor-widget-container\">\n\t\t\t<style>\/*! elementor - v3.18.0 - 20-12-2023 *\/\n.elementor-heading-title{padding:0;margin:0;line-height:1}.elementor-widget-heading .elementor-heading-title[class*=elementor-size-]>a{color:inherit;font-size:inherit;line-height:inherit}.elementor-widget-heading .elementor-heading-title.elementor-size-small{font-size:15px}.elementor-widget-heading .elementor-heading-title.elementor-size-medium{font-size:19px}.elementor-widget-heading .elementor-heading-title.elementor-size-large{font-size:29px}.elementor-widget-heading .elementor-heading-title.elementor-size-xl{font-size:39px}.elementor-widget-heading .elementor-heading-title.elementor-size-xxl{font-size:59px}<\/style><h2 class=\"elementor-heading-title elementor-size-default\">\u00a1Gracias!<\/h2>\t\t<\/div>\n\t\t\t\t<\/div>\n\t\t\t\t<div class=\"elementor-element elementor-element-54b9f0d5 elementor-widget elementor-widget-text-editor\" data-id=\"54b9f0d5\" data-element_type=\"widget\" data-widget_type=\"text-editor.default\">\n\t\t\t\t<div class=\"elementor-widget-container\">\n\t\t\t<style>\/*! elementor - v3.18.0 - 20-12-2023 *\/\n.elementor-widget-text-editor.elementor-drop-cap-view-stacked .elementor-drop-cap{background-color:#69727d;color:#fff}.elementor-widget-text-editor.elementor-drop-cap-view-framed .elementor-drop-cap{color:#69727d;border:3px solid;background-color:transparent}.elementor-widget-text-editor:not(.elementor-drop-cap-view-default) .elementor-drop-cap{margin-top:8px}.elementor-widget-text-editor:not(.elementor-drop-cap-view-default) .elementor-drop-cap-letter{width:1em;height:1em}.elementor-widget-text-editor .elementor-drop-cap{float:left;text-align:center;line-height:1;font-size:50px}.elementor-widget-text-editor .elementor-drop-cap-letter{display:inline-block}<\/style>\t\t\t\tGracias por contactarnos. Nuestro equipo se pondr\u00e1 en contacto contigo pronto.\r\nMientras tanto, puedes consultar el \u00faltimo contenido sobre log\u00edstica en nuestro <a href=\"https:\/\/www.tradisa.com\/es\/blog\/\" class=\"broken_link\">blog<\/a>.\t\t\t\t\t\t<\/div>\n\t\t\t\t<\/div>\n\t\t\t\t<div class=\"elementor-element elementor-element-28595225 elementor-widget elementor-widget-spacer\" data-id=\"28595225\" data-element_type=\"widget\" data-widget_type=\"spacer.default\">\n\t\t\t\t<div class=\"elementor-widget-container\">\n\t\t\t\t\t<div class=\"elementor-spacer\">\n\t\t\t<div class=\"elementor-spacer-inner\"><\/div>\n\t\t<\/div>\n\t\t\t\t<\/div>\n\t\t\t\t<\/div>\n\t\t\t\t\t<\/div>\n\t\t<\/div>\n\t\t\t\t\t\t\t<\/div>\n\t\t<\/section>\n\t\t\t\t\t\t\t<\/div>\n\t\t","protected":false},"excerpt":{"rendered":"<p>\u00a1Gracias! Gracias por contactarnos. Nuestro equipo se pondr\u00e1 en contacto contigo pronto. Mientras tanto, puedes consultar el \u00faltimo contenido sobre log\u00edstica en nuestro blog.<\/p>\n","protected":false},"author":7,"featured_media":0,"parent":0,"menu_order":0,"comment_status":"closed","ping_status":"closed","template":"elementor_header_footer","meta":{"footnotes":""},"yoast_head":"<!-- This site is optimized with the Yoast SEO plugin v21.8 - https:\/\/yoast.com\/wordpress\/plugins\/seo\/ -->\n<title>Thank you page - Gen\u00e9rica - TRADISA<\/title>\n<meta name=\"robots\" content=\"index, follow, max-snippet:-1, max-image-preview:large, max-video-preview:-1\" \/>\n<link rel=\"canonical\" href=\"https:\/\/www.tradisa.com\/es\/thank-you-page-generica\/\" \/>\n<meta property=\"og:locale\" content=\"es_ES\" \/>\n<meta property=\"og:type\" content=\"article\" \/>\n<meta property=\"og:title\" content=\"Thank you page - Gen\u00e9rica - TRADISA\" \/>\n<meta property=\"og:description\" content=\"\u00a1Gracias! Gracias por contactarnos. Nuestro equipo se pondr\u00e1 en contacto contigo pronto. Mientras tanto, puedes consultar el \u00faltimo contenido sobre log\u00edstica en nuestro blog.\" \/>\n<meta property=\"og:url\" content=\"https:\/\/www.tradisa.com\/es\/thank-you-page-generica\/\" \/>\n<meta property=\"og:site_name\" content=\"TRADISA\" \/>\n<meta property=\"article:modified_time\" content=\"2022-04-12T10:12:49+00:00\" \/>\n<meta name=\"twitter:card\" content=\"summary_large_image\" \/>\n<script type=\"application\/ld+json\" class=\"yoast-schema-graph\">{\"@context\":\"https:\/\/schema.org\",\"@graph\":[{\"@type\":\"WebPage\",\"@id\":\"https:\/\/www.tradisa.com\/es\/thank-you-page-generica\/\",\"url\":\"https:\/\/www.tradisa.com\/es\/thank-you-page-generica\/\",\"name\":\"Thank you page - Gen\u00e9rica - TRADISA\",\"isPartOf\":{\"@id\":\"https:\/\/www.tradisa.com\/es\/#website\"},\"datePublished\":\"2022-03-25T10:37:54+00:00\",\"dateModified\":\"2022-04-12T10:12:49+00:00\",\"breadcrumb\":{\"@id\":\"https:\/\/www.tradisa.com\/es\/thank-you-page-generica\/#breadcrumb\"},\"inLanguage\":\"es\",\"potentialAction\":[{\"@type\":\"ReadAction\",\"target\":[\"https:\/\/www.tradisa.com\/es\/thank-you-page-generica\/\"]}]},{\"@type\":\"BreadcrumbList\",\"@id\":\"https:\/\/www.tradisa.com\/es\/thank-you-page-generica\/#breadcrumb\",\"itemListElement\":[{\"@type\":\"ListItem\",\"position\":1,\"name\":\"Home\",\"item\":\"https:\/\/www.tradisa.com\/es\/\"},{\"@type\":\"ListItem\",\"position\":2,\"name\":\"Thank you page &#8211; Gen\u00e9rica\"}]},{\"@type\":\"WebSite\",\"@id\":\"https:\/\/www.tradisa.com\/es\/#website\",\"url\":\"https:\/\/www.tradisa.com\/es\/\",\"name\":\"TRADISA\",\"description\":\"Global Logistics Solutions\",\"publisher\":{\"@id\":\"https:\/\/www.tradisa.com\/es\/#organization\"},\"potentialAction\":[{\"@type\":\"SearchAction\",\"target\":{\"@type\":\"EntryPoint\",\"urlTemplate\":\"https:\/\/www.tradisa.com\/es\/?s={search_term_string}\"},\"query-input\":\"required name=search_term_string\"}],\"inLanguage\":\"es\"},{\"@type\":\"Organization\",\"@id\":\"https:\/\/www.tradisa.com\/es\/#organization\",\"name\":\"TRADISA\",\"url\":\"https:\/\/www.tradisa.com\/es\/\",\"logo\":{\"@type\":\"ImageObject\",\"inLanguage\":\"es\",\"@id\":\"https:\/\/www.tradisa.com\/es\/#\/schema\/logo\/image\/\",\"url\":\"https:\/\/www.tradisa.com\/wp-content\/uploads\/2024\/01\/cropped-1.LogoTradisa-Logotipo70-verde.png\",\"contentUrl\":\"https:\/\/www.tradisa.com\/wp-content\/uploads\/2024\/01\/cropped-1.LogoTradisa-Logotipo70-verde.png\",\"width\":531,\"height\":345,\"caption\":\"TRADISA\"},\"image\":{\"@id\":\"https:\/\/www.tradisa.com\/es\/#\/schema\/logo\/image\/\"}}]}<\/script>\n<!-- \/ Yoast SEO plugin. -->","yoast_head_json":{"title":"Thank you page - Gen\u00e9rica - TRADISA","robots":{"index":"index","follow":"follow","max-snippet":"max-snippet:-1","max-image-preview":"max-image-preview:large","max-video-preview":"max-video-preview:-1"},"canonical":"https:\/\/www.tradisa.com\/es\/thank-you-page-generica\/","og_locale":"es_ES","og_type":"article","og_title":"Thank you page - Gen\u00e9rica - TRADISA","og_description":"\u00a1Gracias! Gracias por contactarnos. Nuestro equipo se pondr\u00e1 en contacto contigo pronto. Mientras tanto, puedes consultar el \u00faltimo contenido sobre log\u00edstica en nuestro blog.","og_url":"https:\/\/www.tradisa.com\/es\/thank-you-page-generica\/","og_site_name":"TRADISA","article_modified_time":"2022-04-12T10:12:49+00:00","twitter_card":"summary_large_image","schema":{"@context":"https:\/\/schema.org","@graph":[{"@type":"WebPage","@id":"https:\/\/www.tradisa.com\/es\/thank-you-page-generica\/","url":"https:\/\/www.tradisa.com\/es\/thank-you-page-generica\/","name":"Thank you page - Gen\u00e9rica - TRADISA","isPartOf":{"@id":"https:\/\/www.tradisa.com\/es\/#website"},"datePublished":"2022-03-25T10:37:54+00:00","dateModified":"2022-04-12T10:12:49+00:00","breadcrumb":{"@id":"https:\/\/www.tradisa.com\/es\/thank-you-page-generica\/#breadcrumb"},"inLanguage":"es","potentialAction":[{"@type":"ReadAction","target":["https:\/\/www.tradisa.com\/es\/thank-you-page-generica\/"]}]},{"@type":"BreadcrumbList","@id":"https:\/\/www.tradisa.com\/es\/thank-you-page-generica\/#breadcrumb","itemListElement":[{"@type":"ListItem","position":1,"name":"Home","item":"https:\/\/www.tradisa.com\/es\/"},{"@type":"ListItem","position":2,"name":"Thank you page &#8211; Gen\u00e9rica"}]},{"@type":"WebSite","@id":"https:\/\/www.tradisa.com\/es\/#website","url":"https:\/\/www.tradisa.com\/es\/","name":"TRADISA","description":"Global Logistics Solutions","publisher":{"@id":"https:\/\/www.tradisa.com\/es\/#organization"},"potentialAction":[{"@type":"SearchAction","target":{"@type":"EntryPoint","urlTemplate":"https:\/\/www.tradisa.com\/es\/?s={search_term_string}"},"query-input":"required name=search_term_string"}],"inLanguage":"es"},{"@type":"Organization","@id":"https:\/\/www.tradisa.com\/es\/#organization","name":"TRADISA","url":"https:\/\/www.tradisa.com\/es\/","logo":{"@type":"ImageObject","inLanguage":"es","@id":"https:\/\/www.tradisa.com\/es\/#\/schema\/logo\/image\/","url":"https:\/\/www.tradisa.com\/wp-content\/uploads\/2024\/01\/cropped-1.LogoTradisa-Logotipo70-verde.png","contentUrl":"https:\/\/www.tradisa.com\/wp-content\/uploads\/2024\/01\/cropped-1.LogoTradisa-Logotipo70-verde.png","width":531,"height":345,"caption":"TRADISA"},"image":{"@id":"https:\/\/www.tradisa.com\/es\/#\/schema\/logo\/image\/"}}]}},"_links":{"self":[{"href":"https:\/\/www.tradisa.com\/es\/wp-json\/wp\/v2\/pages\/5582"}],"collection":[{"href":"https:\/\/www.tradisa.com\/es\/wp-json\/wp\/v2\/pages"}],"about":[{"href":"https:\/\/www.tradisa.com\/es\/wp-json\/wp\/v2\/types\/page"}],"author":[{"embeddable":true,"href":"https:\/\/www.tradisa.com\/es\/wp-json\/wp\/v2\/users\/7"}],"replies":[{"embeddable":true,"href":"https:\/\/www.tradisa.com\/es\/wp-json\/wp\/v2\/comments?post=5582"}],"version-history":[{"count":2,"href":"https:\/\/www.tradisa.com\/es\/wp-json\/wp\/v2\/pages\/5582\/revisions"}],"predecessor-version":[{"id":5765,"href":"https:\/\/www.tradisa.com\/es\/wp-json\/wp\/v2\/pages\/5582\/revisions\/5765"}],"wp:attachment":[{"href":"https:\/\/www.tradisa.com\/es\/wp-json\/wp\/v2\/media?parent=5582"}],"curies":[{"name":"wp","href":"https:\/\/api.w.org\/{rel}","templated":true}]}}